{"id":39,"date":"2018-04-27T22:24:53","date_gmt":"2018-04-27T22:24:53","guid":{"rendered":"http:\/\/advokatnosek.cz\/?page_id=39"},"modified":"2021-04-26T11:10:15","modified_gmt":"2021-04-26T11:10:15","slug":"o-kancelari","status":"publish","type":"page","link":"https:\/\/advokatnosek.cz\/","title":{"rendered":"Chr\u00e1n\u00edme Va\u0161e pr\u00e1va"},"content":{"rendered":"<p><a href=\"https:\/\/advokatnosek.cz\/wp-content\/uploads\/2018\/04\/Gavel-and-book.jpeg\"><img loading=\"lazy\" decoding=\"async\" class=\"size-large wp-image-5\" src=\"https:\/\/advokatnosek.cz\/wp-content\/uploads\/2018\/04\/Gavel-and-book-700x250.jpeg\" alt=\"\" width=\"700\" height=\"250\" srcset=\"https:\/\/advokatnosek.cz\/wp-content\/uploads\/2018\/04\/Gavel-and-book-700x250.jpeg 700w, https:\/\/advokatnosek.cz\/wp-content\/uploads\/2018\/04\/Gavel-and-book-300x107.jpeg 300w, https:\/\/advokatnosek.cz\/wp-content\/uploads\/2018\/04\/Gavel-and-book-768x275.jpeg 768w, https:\/\/advokatnosek.cz\/wp-content\/uploads\/2018\/04\/Gavel-and-book-800x286.jpeg 800w, https:\/\/advokatnosek.cz\/wp-content\/uploads\/2018\/04\/Gavel-and-book.jpeg 1593w\" sizes=\"auto, (max-width: 700px) 100vw, 700px\" \/><\/a><\/p>\n<p>Poskytujeme V\u00e1m komplexn\u00ed pr\u00e1vn\u00ed poradenstv\u00ed a slu\u017eby v\u00a0<strong>ob\u010dansk\u00e9m<\/strong>, <strong>pracovn\u00edm,<\/strong> <strong>trestn\u00edm<\/strong> a <strong>spr\u00e1vn\u00edm<\/strong> <strong>pr\u00e1vu<\/strong>.<\/p>\n<p>Na\u0161\u00ed specializac\u00ed jsou p\u0159edev\u0161\u00edm v\u0161echny okruhy pr\u00e1vn\u00edch vztah\u016f v\u00a0silni\u010dn\u00edm provozu, kter\u00e9 souvis\u00ed s\u00a0<strong>dopravn\u00edmi nehodami<\/strong>, <strong>p\u0159estupky<\/strong>, <strong>spr\u00e1vn\u00edm<\/strong> <strong>\u0159\u00edzen\u00edm<\/strong> a <strong>n\u00e1hradou<\/strong> <strong>\u0161kod<\/strong>.<\/p>\n<p>\u00a0<\/p>\n<p>\u00a0<\/p>\n\n\n<div class=\"wp-block-image\"><figure class=\"aligncenter size-large\"><a href=\"https:\/\/advokatnosek.cz\/wp-content\/uploads\/2021\/04\/budova-male.jpg\"><img loading=\"lazy\" decoding=\"async\" width=\"438\" height=\"304\" src=\"https:\/\/advokatnosek.cz\/wp-content\/uploads\/2021\/04\/budova-male.jpg\" alt=\"\" class=\"wp-image-96\" srcset=\"https:\/\/advokatnosek.cz\/wp-content\/uploads\/2021\/04\/budova-male.jpg 438w, https:\/\/advokatnosek.cz\/wp-content\/uploads\/2021\/04\/budova-male-300x208.jpg 300w\" sizes=\"auto, (max-width: 438px) 100vw, 438px\" \/><\/a><\/figure><\/div>\n","protected":false},"excerpt":{"rendered":"<p>Poskytujeme V\u00e1m komplexn\u00ed pr\u00e1vn\u00ed poradenstv\u00ed a slu\u017eby v\u00a0ob\u010dansk\u00e9m, pracovn\u00edm, trestn\u00edm a spr\u00e1vn\u00edm pr\u00e1vu. Na\u0161\u00ed specializac\u00ed jsou p\u0159edev\u0161\u00edm v\u0161echny okruhy pr\u00e1vn\u00edch vztah\u016f v\u00a0silni\u010dn\u00edm provozu, kter\u00e9 souvis\u00ed s\u00a0dopravn\u00edmi nehodami, p\u0159estupky, spr\u00e1vn\u00edm \u0159\u00edzen\u00edm a n\u00e1hradou \u0161kod. \u00a0 \u00a0<\/p>\n","protected":false},"author":1,"featured_media":0,"parent":0,"menu_order":0,"comment_status":"closed","ping_status":"closed","template":"","meta":{"footnotes":""},"class_list":["post-39","page","type-page","status-publish","hentry"],"_links":{"self":[{"href":"https:\/\/advokatnosek.cz\/index.php?rest_route=\/wp\/v2\/pages\/39","targetHints":{"allow":["GET"]}}],"collection":[{"href":"https:\/\/advokatnosek.cz\/index.php?rest_route=\/wp\/v2\/pages"}],"about":[{"href":"https:\/\/advokatnosek.cz\/index.php?rest_route=\/wp\/v2\/types\/page"}],"author":[{"embeddable":true,"href":"https:\/\/advokatnosek.cz\/index.php?rest_route=\/wp\/v2\/users\/1"}],"replies":[{"embeddable":true,"href":"https:\/\/advokatnosek.cz\/index.php?rest_route=%2Fwp%2Fv2%2Fcomments&post=39"}],"version-history":[{"count":11,"href":"https:\/\/advokatnosek.cz\/index.php?rest_route=\/wp\/v2\/pages\/39\/revisions"}],"predecessor-version":[{"id":98,"href":"https:\/\/advokatnosek.cz\/index.php?rest_route=\/wp\/v2\/pages\/39\/revisions\/98"}],"wp:attachment":[{"href":"https:\/\/advokatnosek.cz\/index.php?rest_route=%2Fwp%2Fv2%2Fmedia&parent=39"}],"curies":[{"name":"wp","href":"https:\/\/api.w.org\/{rel}","templated":true}]}}